{"id":2,"date":"2016-05-10T03:48:21","date_gmt":"2016-05-10T03:48:21","guid":{"rendered":"http:\/\/altstadtquartier-gransee.de\/?page_id=2"},"modified":"2025-09-26T09:00:41","modified_gmt":"2025-09-26T09:00:41","slug":"sample-page","status":"publish","type":"page","link":"https:\/\/altstadtquartier-gransee.de\/","title":{"rendered":"Startseite"},"content":{"rendered":"<div id=\"pl-2\"  class=\"panel-layout\" ><div id=\"pg-2-0\"  class=\"panel-grid panel-no-style\" ><div id=\"pgc-2-0-0\"  class=\"panel-grid-cell\" ><div id=\"panel-2-0-0-0\" class=\"so-panel widget widget_sow-slider panel-first-child panel-last-child\" data-index=\"0\" ><div\n\t\t\t\n\t\t\tclass=\"so-widget-sow-slider so-widget-sow-slider-default-6d39609536fd-2\"\n\t\t\t\n\t\t>\t\t\t\t<div class=\"sow-slider-base\" style=\"display: none\" tabindex=\"0\">\n\t\t\t\t\t<ul\n\t\t\t\t\tclass=\"sow-slider-images\"\n\t\t\t\t\tdata-settings=\"{&quot;pagination&quot;:true,&quot;speed&quot;:800,&quot;timeout&quot;:4000,&quot;paused&quot;:false,&quot;pause_on_hover&quot;:false,&quot;swipe&quot;:true,&quot;nav_always_show_desktop&quot;:&quot;&quot;,&quot;nav_always_show_mobile&quot;:&quot;&quot;,&quot;breakpoint&quot;:&quot;780px&quot;,&quot;unmute&quot;:false,&quot;anchor&quot;:null}\"\n\t\t\t\t\t\t\t\t\t\tdata-anchor-id=\"\"\n\t\t\t\t>\t\t<li class=\"sow-slider-image\" style=\"visibility: visible;\" >\n\t\t\t\t\t\t<img loading=\"lazy\" decoding=\"async\" width=\"2048\" height=\"1536\" src=\"https:\/\/altstadtquartier-gransee.de\/wp-content\/uploads\/2018\/03\/P1010053.jpg\" class=\"sow-slider-background-image\" alt=\"\" style=\"\" srcset=\"https:\/\/altstadtquartier-gransee.de\/wp-content\/uploads\/2018\/03\/P1010053.jpg 2048w, https:\/\/altstadtquartier-gransee.de\/wp-content\/uploads\/2018\/03\/P1010053-300x225.jpg 300w, https:\/\/altstadtquartier-gransee.de\/wp-content\/uploads\/2018\/03\/P1010053-768x576.jpg 768w, https:\/\/altstadtquartier-gransee.de\/wp-content\/uploads\/2018\/03\/P1010053-1024x768.jpg 1024w\" sizes=\"auto, (max-width: 2048px) 100vw, 2048px\" \/>\t\t<\/li>\n\t\t\t\t<li class=\"sow-slider-image\" style=\"visibility: hidden;\" >\n\t\t\t\t\t\t<img loading=\"lazy\" decoding=\"async\" width=\"2048\" height=\"1536\" src=\"https:\/\/altstadtquartier-gransee.de\/wp-content\/uploads\/2018\/03\/P1010058-Kopie.jpg\" class=\"sow-slider-background-image\" alt=\"\" style=\"\" srcset=\"https:\/\/altstadtquartier-gransee.de\/wp-content\/uploads\/2018\/03\/P1010058-Kopie.jpg 2048w, https:\/\/altstadtquartier-gransee.de\/wp-content\/uploads\/2018\/03\/P1010058-Kopie-300x225.jpg 300w, https:\/\/altstadtquartier-gransee.de\/wp-content\/uploads\/2018\/03\/P1010058-Kopie-768x576.jpg 768w, https:\/\/altstadtquartier-gransee.de\/wp-content\/uploads\/2018\/03\/P1010058-Kopie-1024x768.jpg 1024w\" sizes=\"auto, (max-width: 2048px) 100vw, 2048px\" \/>\t\t<\/li>\n\t\t\t\t<li class=\"sow-slider-image\" style=\"visibility: hidden;\" >\n\t\t\t\t\t\t<img loading=\"lazy\" decoding=\"async\" width=\"2048\" height=\"1536\" src=\"https:\/\/altstadtquartier-gransee.de\/wp-content\/uploads\/2018\/03\/P1010048.jpg\" class=\"sow-slider-background-image\" alt=\"\" style=\"\" srcset=\"https:\/\/altstadtquartier-gransee.de\/wp-content\/uploads\/2018\/03\/P1010048.jpg 2048w, https:\/\/altstadtquartier-gransee.de\/wp-content\/uploads\/2018\/03\/P1010048-300x225.jpg 300w, https:\/\/altstadtquartier-gransee.de\/wp-content\/uploads\/2018\/03\/P1010048-768x576.jpg 768w, https:\/\/altstadtquartier-gransee.de\/wp-content\/uploads\/2018\/03\/P1010048-1024x768.jpg 1024w\" sizes=\"auto, (max-width: 2048px) 100vw, 2048px\" \/>\t\t<\/li>\n\t\t\t\t<li class=\"sow-slider-image\" style=\"visibility: hidden;\" >\n\t\t\t\t\t\t<img loading=\"lazy\" decoding=\"async\" width=\"2048\" height=\"1536\" src=\"https:\/\/altstadtquartier-gransee.de\/wp-content\/uploads\/2018\/03\/P1010056-Kopie.jpg\" class=\"sow-slider-background-image\" alt=\"\" style=\"\" srcset=\"https:\/\/altstadtquartier-gransee.de\/wp-content\/uploads\/2018\/03\/P1010056-Kopie.jpg 2048w, https:\/\/altstadtquartier-gransee.de\/wp-content\/uploads\/2018\/03\/P1010056-Kopie-300x225.jpg 300w, https:\/\/altstadtquartier-gransee.de\/wp-content\/uploads\/2018\/03\/P1010056-Kopie-768x576.jpg 768w, https:\/\/altstadtquartier-gransee.de\/wp-content\/uploads\/2018\/03\/P1010056-Kopie-1024x768.jpg 1024w\" sizes=\"auto, (max-width: 2048px) 100vw, 2048px\" \/>\t\t<\/li>\n\t\t<\/ul>\t\t\t\t<ol class=\"sow-slider-pagination\">\n\t\t\t\t\t\t\t\t\t\t\t<li><a href=\"#\" data-goto=\"0\" aria-label=\"Display slide 1\"><\/a><\/li>\n\t\t\t\t\t\t\t\t\t\t\t<li><a href=\"#\" data-goto=\"1\" aria-label=\"Display slide 2\"><\/a><\/li>\n\t\t\t\t\t\t\t\t\t\t\t<li><a href=\"#\" data-goto=\"2\" aria-label=\"Display slide 3\"><\/a><\/li>\n\t\t\t\t\t\t\t\t\t\t\t<li><a href=\"#\" data-goto=\"3\" aria-label=\"Display slide 4\"><\/a><\/li>\n\t\t\t\t\t\t\t\t\t<\/ol>\n\n\t\t\t\t<div class=\"sow-slide-nav sow-slide-nav-next\">\n\t\t\t\t\t<a href=\"#\" data-goto=\"next\" aria-label=\"Next slide\" data-action=\"next\">\n\t\t\t\t\t\t<em class=\"sow-sld-icon-thin-right\"><\/em>\n\t\t\t\t\t<\/a>\n\t\t\t\t<\/div>\n\n\t\t\t\t<div class=\"sow-slide-nav sow-slide-nav-prev\">\n\t\t\t\t\t<a href=\"#\" data-goto=\"previous\" aria-label=\"Previous slide\" data-action=\"prev\">\n\t\t\t\t\t\t<em class=\"sow-sld-icon-thin-left\"><\/em>\n\t\t\t\t\t<\/a>\n\t\t\t\t<\/div>\n\t\t\t\t<\/div><\/div><\/div><\/div><div id=\"pgc-2-0-1\"  class=\"panel-grid-cell\" ><div id=\"panel-2-0-1-0\" class=\"so-panel widget widget_sow-editor panel-first-child panel-last-child\" data-index=\"1\" ><div\n\t\t\t\n\t\t\tclass=\"so-widget-sow-editor so-widget-sow-editor-base\"\n\t\t\t\n\t\t><h3 class=\"widget-title\">Kommen Sie an und f\u00fchlen Sie sich wohl in Ihrem Zuhause auf Zeit!<\/h3>\n<div class=\"siteorigin-widget-tinymce textwidget\">\n\t<p>Im 2017 sanierten H\u00e4uschen im Herzen der Altstadt von Gransee k\u00f6nnen sie in der komplett ausgestatteten K\u00fcche mit Ausgang zum Innenhof gemeinsam kochen und nach einem sch\u00f6nen Urlaubstag\u00a0 in der \"guten Stube\" am altem Kachelofen den Tag ausklingen lassen. Die 2 ger\u00e4umigen Schlafzimmern mit Doppelbetten garantieren einen geruhsamen Schlaf.<\/p>\n<p>Das neue Badezimmer hat eine bodengleiche Dusche.<\/p>\n<p>Bei sch\u00f6nem Wetter l\u00e4dt der Innenhof zum grillen ein, oder auch zu einem Fr\u00fchst\u00fcck in der Sonne.<\/p>\n<\/div>\n<\/div><\/div><\/div><\/div><div id=\"pg-2-1\"  class=\"panel-grid panel-no-style\" ><div id=\"pgc-2-1-0\"  class=\"panel-grid-cell\" ><div id=\"panel-2-1-0-0\" class=\"so-panel widget widget_sow-editor panel-first-child panel-last-child\" data-index=\"2\" ><div\n\t\t\t\n\t\t\tclass=\"so-widget-sow-editor so-widget-sow-editor-base\"\n\t\t\t\n\t\t><h3 class=\"widget-title\">Lage<\/h3>\n<div class=\"siteorigin-widget-tinymce textwidget\">\n\t<p>Das St\u00e4dtchen Gransee mit seinem mittelalterlichen Stadtkern liegt ca. 60 km n\u00f6rdlich von Berlin am Rande der mecklenburgischen Seenplatte, der Uckermark und der Rheinsberg-Neuruppiner Seenlandschaft.<\/p>\n<p>Unsere l\u00e4ndliche Gegend ist gepr\u00e4gt von W\u00e4ldern und Seen und weiten Feldern und Wiesen.<\/p>\n<p>Es gibt h\u00fcbsche D\u00f6rfer, Kleinst\u00e4dte wie Rheinsberg und den klaren Stechlinsee, der schon Fontane begeisterte.<\/p>\n<p>Zu jeder Jahreszeit ob Urlaub oder Wochenende.....Gransee und Umgebung ist eine Reise wert.<\/p>\n<p><a href=\"https:\/\/youtu.be\/N2a0JSC43-c\">Imagefilm - Gransee und Umgebung<\/a><\/p>\n<p>Kommen Sie an und f\u00fchlen Sie sich wohl in Ihrem Zuhause auf Zeit!<\/p>\n<\/div>\n<\/div><\/div><\/div><div id=\"pgc-2-1-1\"  class=\"panel-grid-cell\" ><div id=\"panel-2-1-1-0\" class=\"so-panel widget widget_sow-google-map panel-first-child panel-last-child\" data-index=\"3\" ><div\n\t\t\t\n\t\t\tclass=\"so-widget-sow-google-map so-widget-sow-google-map-default-6b23895f316e-2\"\n\t\t\t\n\t\t>\n<div class=\"sow-google-map-canvas\"\n\tstyle=\"\"\n\tid=\"map-canvas-35e18e477260302c5d3caf9eb7d99957\"\n\tdata-options=\"{&quot;address&quot;:&quot;53.00693880000001, 13.1579567&quot;,&quot;zoom&quot;:16,&quot;mobileZoom&quot;:16,&quot;gestureHandling&quot;:&quot;greedy&quot;,&quot;disableUi&quot;:false,&quot;markerIcon&quot;:false,&quot;markersDraggable&quot;:false,&quot;markerAtCenter&quot;:false,&quot;markerInfoDisplay&quot;:&quot;click&quot;,&quot;markerInfoMultiple&quot;:true,&quot;markerPositions&quot;:[{&quot;place&quot;:&quot;Germany, Gransee, Schulstra\\u00dfe 7&quot;,&quot;info&quot;:&quot;&quot;,&quot;infoSelectedEditor&quot;:&quot;tinymce&quot;,&quot;infoMaxWidth&quot;:&quot;&quot;,&quot;customMarkerIcon&quot;:0,&quot;customMarkerIconSize&quot;:&quot;&quot;}],&quot;mapName&quot;:false,&quot;mapStyles&quot;:false,&quot;directions&quot;:&quot;&quot;,&quot;apiKey&quot;:&quot;AIzaSyCa8bdS0XmazTfJb6OdjfzJ57dtCQyLY3g&quot;,&quot;breakpoint&quot;:780,&quot;id&quot;:&quot;69e24e&quot;}\"\n\tdata-fallback-image=\"{&quot;img&quot;:&quot;&quot;}\"><\/div>\n<\/div><\/div><\/div><\/div><div id=\"pg-2-2\"  class=\"panel-grid panel-no-style\" ><div id=\"pgc-2-2-0\"  class=\"panel-grid-cell\" ><div id=\"panel-2-2-0-0\" class=\"so-panel widget widget_sow-image panel-first-child panel-last-child\" data-index=\"4\" ><div\n\t\t\t\n\t\t\tclass=\"so-widget-sow-image so-widget-sow-image-default-8b5b6f678277-2\"\n\t\t\t\n\t\t>\n<div class=\"sow-image-container\">\n\t\t<img \n\tsrc=\"https:\/\/altstadtquartier-gransee.de\/wp-content\/uploads\/2018\/04\/Granseewochenende-August-2009_18_klein.jpg\" width=\"2112\" height=\"2352\" srcset=\"https:\/\/altstadtquartier-gransee.de\/wp-content\/uploads\/2018\/04\/Granseewochenende-August-2009_18_klein.jpg 2112w, https:\/\/altstadtquartier-gransee.de\/wp-content\/uploads\/2018\/04\/Granseewochenende-August-2009_18_klein-269x300.jpg 269w, https:\/\/altstadtquartier-gransee.de\/wp-content\/uploads\/2018\/04\/Granseewochenende-August-2009_18_klein-768x855.jpg 768w, https:\/\/altstadtquartier-gransee.de\/wp-content\/uploads\/2018\/04\/Granseewochenende-August-2009_18_klein-920x1024.jpg 920w\" sizes=\"(max-width: 2112px) 100vw, 2112px\" title=\"OLYMPUS DIGITAL CAMERA\" alt=\"\" \t\tclass=\"so-widget-image\"\/>\n\t<\/div>\n\n<\/div><\/div><\/div><div id=\"pgc-2-2-1\"  class=\"panel-grid-cell\" ><div id=\"panel-2-2-1-0\" class=\"so-panel widget widget_sow-editor panel-first-child panel-last-child\" data-index=\"5\" ><div\n\t\t\t\n\t\t\tclass=\"so-widget-sow-editor so-widget-sow-editor-base\"\n\t\t\t\n\t\t><h3 class=\"widget-title\">Pack die Badehose ein !<\/h3>\n<div class=\"siteorigin-widget-tinymce textwidget\">\n\t<p>Viele klare Badeseen sind per Rad oder Auto schnell erreicht. Fahrradtour ? Gransee aus gibt es gut ausgebaute Radwege in alle Richtungen, durch W\u00e4lder, um Seen herum , entlang schattiger\u00a0 Weg ist das Ziel!<\/p>\n<p>H\u00fcbsche St\u00e4dte wie Rheinsberg, Neuruppin, Lindow, Templin sind in ca. 30 Autominuten erreicht. Hauptstadtbesuch? Lassen Sie das Auto stehen! Der Regionalexpress bringt Sie st\u00fcndlich in nur 40 Minuten ins Zentrum von Berlin.<\/p>\n<p>Oder verbringen Sie einfach einen Tag in der Stadt, Hier erwarten Sie viele Sehensw\u00fcrdigkeiten, Museum, Stadttor, Pulverturm, Kirche, Kloster und ein herrlicher Stadtwald mit einem klaren Badesee.<\/p>\n<p>Informationen \u00fcber Gransee und Umgebung, Stadtplan, Karte der Radwege liegen auch im Ferienhaus aus.<\/p>\n<p>M\u00f6chten Sie ein Rad mieten? Wir organisieren das f\u00fcr Sie!<\/p>\n<\/div>\n<\/div><\/div><\/div><\/div><div id=\"pg-2-3\"  class=\"panel-grid panel-no-style\" ><div id=\"pgc-2-3-0\"  class=\"panel-grid-cell\" ><div id=\"panel-2-3-0-0\" class=\"so-panel widget widget_sow-editor panel-first-child panel-last-child\" data-index=\"6\" ><div\n\t\t\t\n\t\t\tclass=\"so-widget-sow-editor so-widget-sow-editor-base\"\n\t\t\t\n\t\t>\n<div class=\"siteorigin-widget-tinymce textwidget\">\n\t<p>Wohin mit dem Auto?<\/p>\n<p>Die Parkpl\u00e4tze in der Schulstra\u00dfe sind kostenlos und es gibt auch einen direkt vor dem Haus, wenn er nicht belegt ist.<\/p>\n<p>Ansonsten gibt es einen \u00f6ffentlichen Parkplatz auf dem Klosterplatz gegen\u00fcber, auch kostenlos.<\/p>\n<\/div>\n<\/div><\/div><\/div><div id=\"pgc-2-3-1\"  class=\"panel-grid-cell\" ><div id=\"panel-2-3-1-0\" class=\"so-panel widget widget_sow-image panel-first-child panel-last-child\" data-index=\"7\" ><div\n\t\t\t\n\t\t\tclass=\"so-widget-sow-image so-widget-sow-image-default-8b5b6f678277-2\"\n\t\t\t\n\t\t>\n<div class=\"sow-image-container\">\n\t\t<img \n\tsrc=\"https:\/\/altstadtquartier-gransee.de\/wp-content\/uploads\/2018\/03\/P1010036.jpg\" width=\"2048\" height=\"1536\" srcset=\"https:\/\/altstadtquartier-gransee.de\/wp-content\/uploads\/2018\/03\/P1010036.jpg 2048w, https:\/\/altstadtquartier-gransee.de\/wp-content\/uploads\/2018\/03\/P1010036-300x225.jpg 300w, https:\/\/altstadtquartier-gransee.de\/wp-content\/uploads\/2018\/03\/P1010036-768x576.jpg 768w, https:\/\/altstadtquartier-gransee.de\/wp-content\/uploads\/2018\/03\/P1010036-1024x768.jpg 1024w\" sizes=\"(max-width: 2048px) 100vw, 2048px\" title=\"OLYMPUS DIGITAL CAMERA\" alt=\"\" \t\tclass=\"so-widget-image\"\/>\n\t<\/div>\n\n<\/div><\/div><\/div><\/div><div id=\"pg-2-4\"  class=\"panel-grid panel-no-style\" ><div id=\"pgc-2-4-0\"  class=\"panel-grid-cell\" ><div id=\"panel-2-4-0-0\" class=\"so-panel widget widget_sow-editor panel-first-child panel-last-child\" data-index=\"8\" ><div\n\t\t\t\n\t\t\tclass=\"so-widget-sow-editor so-widget-sow-editor-base\"\n\t\t\t\n\t\t>\n<div class=\"siteorigin-widget-tinymce textwidget\">\n\t<p style=\"text-align: center;\"><strong>Seien Sie unser Gast !<\/strong><\/p>\n<p style=\"text-align: center;\"><strong>Wir freuen uns auf Sie!<\/strong><\/p>\n<\/div>\n<\/div><\/div><\/div><\/div><\/div>","protected":false},"excerpt":{"rendered":"<p>Im 2017 sanierten H\u00e4uschen im Herzen der Altstadt von Gransee k\u00f6nnen sie in der komplett ausgestatteten K\u00fcche mit Ausgang zum Innenhof gemeinsam kochen und nach einem sch\u00f6nen Urlaubstag\u00a0 in der &#8222;guten Stube&#8220; am altem Kachelofen den Tag ausklingen lassen. Die 2 ger\u00e4umigen Schlafzimmern mit Doppelbetten garantieren einen geruhsamen Schlaf. Das neue Badezimmer hat eine bodengleiche &#8230; <a title=\"Startseite\" class=\"read-more\" href=\"https:\/\/altstadtquartier-gransee.de\/\">Weiterlesen &#8230;<\/a><\/p>\n","protected":false},"author":1,"featured_media":0,"parent":0,"menu_order":0,"comment_status":"closed","ping_status":"open","template":"","meta":{"generate_page_header":"","footnotes":""},"class_list":["post-2","page","type-page","status-publish"],"_links":{"self":[{"href":"https:\/\/altstadtquartier-gransee.de\/index.php?rest_route=\/wp\/v2\/pages\/2","targetHints":{"allow":["GET"]}}],"collection":[{"href":"https:\/\/altstadtquartier-gransee.de\/index.php?rest_route=\/wp\/v2\/pages"}],"about":[{"href":"https:\/\/altstadtquartier-gransee.de\/index.php?rest_route=\/wp\/v2\/types\/page"}],"author":[{"embeddable":true,"href":"https:\/\/altstadtquartier-gransee.de\/index.php?rest_route=\/wp\/v2\/users\/1"}],"replies":[{"embeddable":true,"href":"https:\/\/altstadtquartier-gransee.de\/index.php?rest_route=%2Fwp%2Fv2%2Fcomments&post=2"}],"version-history":[{"count":41,"href":"https:\/\/altstadtquartier-gransee.de\/index.php?rest_route=\/wp\/v2\/pages\/2\/revisions"}],"predecessor-version":[{"id":345,"href":"https:\/\/altstadtquartier-gransee.de\/index.php?rest_route=\/wp\/v2\/pages\/2\/revisions\/345"}],"wp:attachment":[{"href":"https:\/\/altstadtquartier-gransee.de\/index.php?rest_route=%2Fwp%2Fv2%2Fmedia&parent=2"}],"curies":[{"name":"wp","href":"https:\/\/api.w.org\/{rel}","templated":true}]}}